{"id":436,"date":"2020-01-23T18:21:52","date_gmt":"2020-01-23T18:21:52","guid":{"rendered":"https:\/\/demosites.io\/web-agency-gb\/?page_id=61"},"modified":"2026-04-04T13:13:45","modified_gmt":"2026-04-04T13:13:45","slug":"15c42-web-agency-gb-about-us","status":"publish","type":"page","link":"https:\/\/ogmh.ch\/?page_id=436","title":{"rendered":"\u00dcber uns"},"content":{"rendered":"\n<div class=\"wp-block-cover alignfull\" style=\"min-height:300px;aspect-ratio:unset;\"><span aria-hidden=\"true\" class=\"wp-block-cover__background has-nv-site-bg-background-color has-background-dim-100 has-background-dim\"><\/span><div class=\"wp-block-cover__inner-container is-layout-flow wp-block-cover-is-layout-flow\">\n<div class=\"wp-block-group\"><div class=\"wp-block-group__inner-container is-layout-flow wp-block-group-is-layout-flow\">\n<h1 class=\"wp-block-heading has-text-align-left has-neve-text-color-color has-text-color\">\u00dcber<\/h1>\n<\/div><\/div>\n<\/div><\/div>\n\n\n\n<div class=\"wp-block-cover alignfull\" style=\"min-height:600px;aspect-ratio:unset;\"><span aria-hidden=\"true\" class=\"wp-block-cover__background has-nv-site-bg-background-color has-background-dim-100 has-background-dim\"><\/span><div class=\"wp-block-cover__inner-container is-layout-flow wp-block-cover-is-layout-flow\">\n<div class=\"wp-block-group\"><div class=\"wp-block-group__inner-container is-layout-flow wp-block-group-is-layout-flow\">\n<div style=\"height:80px\" aria-hidden=\"true\" class=\"wp-block-spacer\"><\/div>\n\n\n\n<h2 class=\"wp-block-heading has-neve-text-color-color has-text-color\">Den Verein<\/h2>\n\n\n\n<p class=\"has-nv-dark-bg-color has-text-color has-link-color wp-elements-12f307c20696b2fbba874118f36cce6f\">Die Offiziersgesellschaft March-H\u00f6fe wurde 1945 gegr\u00fcndet und besteht heute aus rund 140 Mitgliedern aus der Region March-H\u00f6fe. Viele unserer Mitglieder sind j\u00fcngere, aktive Offiziere.&nbsp;<\/p>\n\n\n\n<p class=\"has-nv-dark-bg-color has-text-color has-link-color wp-elements-00cddc5757911e3ac2c4fa654c1d337c\">Der Vorstand der OGMH ist bestrebt, verschiedene Veranstaltungen zu organisieren, welche eine Horizonterweiterung ihrer Mitglieder in einem breiten milit\u00e4rischen und sicherheitspolitischen Spektrum erm\u00f6glichen. Wir f\u00fchren 6-12 Anl\u00e4sse pro Jahr f\u00fcr verschiedene Zielgruppen (j\u00fcngere, \u00e4ltere, mit und ohne Familienangeh\u00f6rigen der Offiziere) durch. Der Verein versteht sich als eine M\u00f6glichkeit zum gesellschaftlichen Austausch, milit\u00e4rischen Weiterbildung und zur Beziehungspflege. Die OGMH bezweckt die Interessen der Schweizer Armee zu unterst\u00fctzen und ihren Mitgliedern aus der Region March-H\u00f6fe die Pflege der ausserdienstlichen Kameradschaft zu erm\u00f6glichen.&nbsp;<\/p>\n\n\n\n<figure class=\"wp-block-image size-large\"><img loading=\"lazy\" decoding=\"async\" width=\"1024\" height=\"683\" src=\"https:\/\/ogmh.ch\/wp-content\/uploads\/2025\/06\/D99A3949-1024x683.jpg\" alt=\"\" class=\"wp-image-1078\" srcset=\"https:\/\/ogmh.ch\/wp-content\/uploads\/2025\/06\/D99A3949-1024x683.jpg 1024w, https:\/\/ogmh.ch\/wp-content\/uploads\/2025\/06\/D99A3949-300x200.jpg 300w, https:\/\/ogmh.ch\/wp-content\/uploads\/2025\/06\/D99A3949-768x512.jpg 768w, https:\/\/ogmh.ch\/wp-content\/uploads\/2025\/06\/D99A3949-1536x1024.jpg 1536w, https:\/\/ogmh.ch\/wp-content\/uploads\/2025\/06\/D99A3949-2048x1366.jpg 2048w, https:\/\/ogmh.ch\/wp-content\/uploads\/2025\/06\/D99A3949-930x620.jpg 930w\" sizes=\"auto, (max-width: 1024px) 100vw, 1024px\" \/><\/figure>\n\n\n\n<div style=\"height:40px\" aria-hidden=\"true\" class=\"wp-block-spacer\"><\/div>\n<\/div><\/div>\n<\/div><\/div>\n\n\n\n<div class=\"wp-block-cover alignfull\" style=\"min-height:420px;aspect-ratio:unset;\"><span aria-hidden=\"true\" class=\"wp-block-cover__background has-nv-site-bg-background-color has-background-dim-100 has-background-dim\"><\/span><div class=\"wp-block-cover__inner-container is-layout-flow wp-block-cover-is-layout-flow\">\n<div style=\"height:30px\" aria-hidden=\"true\" class=\"wp-block-spacer\"><\/div>\n\n\n\n<div class=\"wp-block-group\"><div class=\"wp-block-group__inner-container is-layout-flow wp-block-group-is-layout-flow\">\n<h2 class=\"wp-block-heading\"><mark style=\"background-color:rgba(0, 0, 0, 0)\" class=\"has-inline-color has-nv-dark-bg-color\">Den Vorstand<\/mark><\/h2>\n\n\n\n<div class=\"wp-block-columns is-layout-flex wp-container-core-columns-is-layout-9d6595d7 wp-block-columns-is-layout-flex\">\n<div class=\"wp-block-column is-layout-flow wp-block-column-is-layout-flow\"><div class=\"wp-block-image is-style-default\">\n<figure class=\"aligncenter size-large\"><img loading=\"lazy\" decoding=\"async\" width=\"1024\" height=\"1024\" src=\"https:\/\/ogmh.ch\/wp-content\/uploads\/2024\/04\/Rothlin-Tobias-edited-1024x1024.jpg\" alt=\"\" class=\"wp-image-654\" srcset=\"https:\/\/ogmh.ch\/wp-content\/uploads\/2024\/04\/Rothlin-Tobias-edited-1024x1024.jpg 1024w, https:\/\/ogmh.ch\/wp-content\/uploads\/2024\/04\/Rothlin-Tobias-edited-300x300.jpg 300w, https:\/\/ogmh.ch\/wp-content\/uploads\/2024\/04\/Rothlin-Tobias-edited-150x150.jpg 150w, https:\/\/ogmh.ch\/wp-content\/uploads\/2024\/04\/Rothlin-Tobias-edited-768x768.jpg 768w, https:\/\/ogmh.ch\/wp-content\/uploads\/2024\/04\/Rothlin-Tobias-edited-1536x1536.jpg 1536w, https:\/\/ogmh.ch\/wp-content\/uploads\/2024\/04\/Rothlin-Tobias-edited-2048x2048.jpg 2048w\" sizes=\"auto, (max-width: 1024px) 100vw, 1024px\" \/><\/figure>\n<\/div>\n\n\n<div style=\"height:24px\" aria-hidden=\"true\" class=\"wp-block-spacer\"><\/div>\n\n\n\n<h3 class=\"wp-block-heading has-text-align-center has-neve-text-color-color has-text-color\">Oblt Rothlin Tobias<\/h3>\n\n\n\n<p class=\"has-text-align-center has-neve-text-color-color has-text-color\"><strong>Pr\u00e4sident<\/strong><\/p>\n<\/div>\n\n\n\n<div class=\"wp-block-column is-layout-flow wp-block-column-is-layout-flow\"><div class=\"wp-block-image is-style-default\">\n<figure class=\"aligncenter size-large\"><img loading=\"lazy\" decoding=\"async\" width=\"1024\" height=\"1024\" src=\"https:\/\/ogmh.ch\/wp-content\/uploads\/2025\/06\/YanisGisler-1-1024x1024.jpg\" alt=\"\" class=\"wp-image-1081\" srcset=\"https:\/\/ogmh.ch\/wp-content\/uploads\/2025\/06\/YanisGisler-1-1024x1024.jpg 1024w, https:\/\/ogmh.ch\/wp-content\/uploads\/2025\/06\/YanisGisler-1-300x300.jpg 300w, https:\/\/ogmh.ch\/wp-content\/uploads\/2025\/06\/YanisGisler-1-150x150.jpg 150w, https:\/\/ogmh.ch\/wp-content\/uploads\/2025\/06\/YanisGisler-1-768x768.jpg 768w, https:\/\/ogmh.ch\/wp-content\/uploads\/2025\/06\/YanisGisler-1.jpg 1292w\" sizes=\"auto, (max-width: 1024px) 100vw, 1024px\" \/><\/figure>\n<\/div>\n\n\n<div style=\"height:24px\" aria-hidden=\"true\" class=\"wp-block-spacer\"><\/div>\n\n\n\n<h3 class=\"wp-block-heading has-text-align-center has-neve-text-color-color has-text-color\">Oblt Gisler Yanis<\/h3>\n\n\n\n<p class=\"has-text-align-center has-neve-text-color-color has-text-color\"><strong>Vize-Pr\u00e4sident<\/strong><\/p>\n\n\n\n<div style=\"height:40px\" aria-hidden=\"true\" class=\"wp-block-spacer\"><\/div>\n<\/div>\n\n\n\n<div class=\"wp-block-column is-layout-flow wp-block-column-is-layout-flow\"><div class=\"wp-block-image is-style-default\">\n<figure class=\"aligncenter size-large\"><img loading=\"lazy\" decoding=\"async\" width=\"1024\" height=\"1024\" src=\"https:\/\/ogmh.ch\/wp-content\/uploads\/2023\/12\/Brandalise-Pascal-1024x1024.jpg\" alt=\"\" class=\"wp-image-490\" srcset=\"https:\/\/ogmh.ch\/wp-content\/uploads\/2023\/12\/Brandalise-Pascal-1024x1024.jpg 1024w, https:\/\/ogmh.ch\/wp-content\/uploads\/2023\/12\/Brandalise-Pascal-300x300.jpg 300w, https:\/\/ogmh.ch\/wp-content\/uploads\/2023\/12\/Brandalise-Pascal-150x150.jpg 150w, https:\/\/ogmh.ch\/wp-content\/uploads\/2023\/12\/Brandalise-Pascal-768x768.jpg 768w, https:\/\/ogmh.ch\/wp-content\/uploads\/2023\/12\/Brandalise-Pascal-1536x1536.jpg 1536w, https:\/\/ogmh.ch\/wp-content\/uploads\/2023\/12\/Brandalise-Pascal-2048x2048.jpg 2048w\" sizes=\"auto, (max-width: 1024px) 100vw, 1024px\" \/><\/figure>\n<\/div>\n\n\n<div style=\"height:24px\" aria-hidden=\"true\" class=\"wp-block-spacer\"><\/div>\n\n\n\n<h3 class=\"wp-block-heading has-text-align-center has-neve-text-color-color has-text-color\">Hptm Brandalise Pascal<\/h3>\n\n\n\n<p class=\"has-text-align-center has-neve-text-color-color has-text-color\"><strong>Aktuar<\/strong><\/p>\n\n\n\n<div style=\"height:40px\" aria-hidden=\"true\" class=\"wp-block-spacer\"><\/div>\n<\/div>\n<\/div>\n\n\n\n<div class=\"wp-block-columns is-layout-flex wp-container-core-columns-is-layout-9d6595d7 wp-block-columns-is-layout-flex\">\n<div class=\"wp-block-column is-layout-flow wp-block-column-is-layout-flow\"><div class=\"wp-block-image is-style-default\">\n<figure class=\"aligncenter size-large\"><img loading=\"lazy\" decoding=\"async\" width=\"1024\" height=\"1024\" src=\"https:\/\/ogmh.ch\/wp-content\/uploads\/2023\/12\/Studer-Hans-Juerg-1024x1024.jpg\" alt=\"\" class=\"wp-image-488\" srcset=\"https:\/\/ogmh.ch\/wp-content\/uploads\/2023\/12\/Studer-Hans-Juerg-1024x1024.jpg 1024w, https:\/\/ogmh.ch\/wp-content\/uploads\/2023\/12\/Studer-Hans-Juerg-300x300.jpg 300w, https:\/\/ogmh.ch\/wp-content\/uploads\/2023\/12\/Studer-Hans-Juerg-150x150.jpg 150w, https:\/\/ogmh.ch\/wp-content\/uploads\/2023\/12\/Studer-Hans-Juerg-768x768.jpg 768w, https:\/\/ogmh.ch\/wp-content\/uploads\/2023\/12\/Studer-Hans-Juerg-1536x1536.jpg 1536w, https:\/\/ogmh.ch\/wp-content\/uploads\/2023\/12\/Studer-Hans-Juerg-2048x2048.jpg 2048w\" sizes=\"auto, (max-width: 1024px) 100vw, 1024px\" \/><\/figure>\n<\/div>\n\n\n<div style=\"height:24px\" aria-hidden=\"true\" class=\"wp-block-spacer\"><\/div>\n\n\n\n<h3 class=\"wp-block-heading has-text-align-center has-neve-text-color-color has-text-color\">Hptm aD Studer Hans-J\u00fcrg<\/h3>\n\n\n\n<p class=\"has-text-align-center has-neve-text-color-color has-text-color\"><strong><strong>Kassier<\/strong><\/strong><\/p>\n<\/div>\n\n\n\n<div class=\"wp-block-column is-layout-flow wp-block-column-is-layout-flow\"><div class=\"wp-block-image is-style-default\">\n<figure class=\"aligncenter size-full is-resized\"><img loading=\"lazy\" decoding=\"async\" width=\"1829\" height=\"1829\" src=\"https:\/\/ogmh.ch\/wp-content\/uploads\/2024\/04\/FabrizioZavatta-3-edited.jpg\" alt=\"\" class=\"wp-image-653\" style=\"width:367px;height:auto\" srcset=\"https:\/\/ogmh.ch\/wp-content\/uploads\/2024\/04\/FabrizioZavatta-3-edited.jpg 1829w, https:\/\/ogmh.ch\/wp-content\/uploads\/2024\/04\/FabrizioZavatta-3-edited-300x300.jpg 300w, https:\/\/ogmh.ch\/wp-content\/uploads\/2024\/04\/FabrizioZavatta-3-edited-1024x1024.jpg 1024w, https:\/\/ogmh.ch\/wp-content\/uploads\/2024\/04\/FabrizioZavatta-3-edited-150x150.jpg 150w, https:\/\/ogmh.ch\/wp-content\/uploads\/2024\/04\/FabrizioZavatta-3-edited-768x768.jpg 768w, https:\/\/ogmh.ch\/wp-content\/uploads\/2024\/04\/FabrizioZavatta-3-edited-1536x1536.jpg 1536w\" sizes=\"auto, (max-width: 1829px) 100vw, 1829px\" \/><\/figure>\n<\/div>\n\n\n<div style=\"height:24px\" aria-hidden=\"true\" class=\"wp-block-spacer\"><\/div>\n\n\n\n<h3 class=\"wp-block-heading has-text-align-center has-neve-text-color-color has-text-color\">Oblt Zavatta Fabrizio<\/h3>\n\n\n\n<p class=\"has-text-align-center has-neve-text-color-color has-text-color\"><strong><strong>1. Beisitzer<\/strong><\/strong><\/p>\n\n\n\n<div style=\"height:40px\" aria-hidden=\"true\" class=\"wp-block-spacer\"><\/div>\n<\/div>\n\n\n\n<div class=\"wp-block-column is-layout-flow wp-block-column-is-layout-flow\"><div class=\"wp-block-image is-style-default\">\n<figure class=\"aligncenter size-large is-resized\"><img loading=\"lazy\" decoding=\"async\" width=\"1024\" height=\"1024\" src=\"https:\/\/ogmh.ch\/wp-content\/uploads\/2026\/04\/Dummy-1024x1024.png\" alt=\"\" class=\"wp-image-1297\" style=\"width:367px;height:auto\" srcset=\"https:\/\/ogmh.ch\/wp-content\/uploads\/2026\/04\/Dummy-1024x1024.png 1024w, https:\/\/ogmh.ch\/wp-content\/uploads\/2026\/04\/Dummy-300x300.png 300w\" sizes=\"auto, (max-width: 1024px) 100vw, 1024px\" \/><\/figure>\n<\/div>\n\n\n<div style=\"height:24px\" aria-hidden=\"true\" class=\"wp-block-spacer\"><\/div>\n\n\n\n<h3 class=\"wp-block-heading has-text-align-center has-neve-text-color-color has-text-color\">Oblt Giacomini Danilo<\/h3>\n\n\n\n<p class=\"has-text-align-center has-neve-text-color-color has-text-color\"><strong><strong>2. Beisitzer<\/strong><\/strong><\/p>\n\n\n\n<div style=\"height:40px\" aria-hidden=\"true\" class=\"wp-block-spacer\"><\/div>\n<\/div>\n<\/div>\n\n\n\n<div class=\"wp-block-columns is-layout-flex wp-container-core-columns-is-layout-9d6595d7 wp-block-columns-is-layout-flex\">\n<div class=\"wp-block-column is-layout-flow wp-block-column-is-layout-flow\"><div class=\"wp-block-image is-style-default\">\n<figure class=\"aligncenter size-large\"><img loading=\"lazy\" decoding=\"async\" width=\"1024\" height=\"1024\" src=\"https:\/\/ogmh.ch\/wp-content\/uploads\/2023\/12\/Zwahlen-Rene-1024x1024.jpg\" alt=\"\" class=\"wp-image-493\" srcset=\"https:\/\/ogmh.ch\/wp-content\/uploads\/2023\/12\/Zwahlen-Rene-1024x1024.jpg 1024w, https:\/\/ogmh.ch\/wp-content\/uploads\/2023\/12\/Zwahlen-Rene-300x300.jpg 300w, https:\/\/ogmh.ch\/wp-content\/uploads\/2023\/12\/Zwahlen-Rene-150x150.jpg 150w, https:\/\/ogmh.ch\/wp-content\/uploads\/2023\/12\/Zwahlen-Rene-768x768.jpg 768w, https:\/\/ogmh.ch\/wp-content\/uploads\/2023\/12\/Zwahlen-Rene-1536x1536.jpg 1536w, https:\/\/ogmh.ch\/wp-content\/uploads\/2023\/12\/Zwahlen-Rene-2048x2048.jpg 2048w\" sizes=\"auto, (max-width: 1024px) 100vw, 1024px\" \/><\/figure>\n<\/div>\n\n\n<div style=\"height:24px\" aria-hidden=\"true\" class=\"wp-block-spacer\"><\/div>\n\n\n\n<h3 class=\"wp-block-heading has-text-align-center has-neve-text-color-color has-text-color\">Oberst i Gst aD Zwahlen Ren\u00e9<\/h3>\n\n\n\n<p class=\"has-text-align-center has-neve-text-color-color has-text-color\"><strong>3. Beisitzer<\/strong><\/p>\n<\/div>\n\n\n\n<div class=\"wp-block-column is-layout-flow wp-block-column-is-layout-flow\"><div class=\"wp-block-image is-style-default\">\n<figure class=\"aligncenter size-full\"><img loading=\"lazy\" decoding=\"async\" width=\"2560\" height=\"2560\" src=\"https:\/\/ogmh.ch\/wp-content\/uploads\/2023\/12\/Kotur-Thomas-scaled.jpg\" alt=\"\" class=\"wp-image-491\" srcset=\"https:\/\/ogmh.ch\/wp-content\/uploads\/2023\/12\/Kotur-Thomas-scaled.jpg 2560w, https:\/\/ogmh.ch\/wp-content\/uploads\/2023\/12\/Kotur-Thomas-300x300.jpg 300w, https:\/\/ogmh.ch\/wp-content\/uploads\/2023\/12\/Kotur-Thomas-1024x1024.jpg 1024w, https:\/\/ogmh.ch\/wp-content\/uploads\/2023\/12\/Kotur-Thomas-150x150.jpg 150w, https:\/\/ogmh.ch\/wp-content\/uploads\/2023\/12\/Kotur-Thomas-768x768.jpg 768w, https:\/\/ogmh.ch\/wp-content\/uploads\/2023\/12\/Kotur-Thomas-1536x1536.jpg 1536w, https:\/\/ogmh.ch\/wp-content\/uploads\/2023\/12\/Kotur-Thomas-2048x2048.jpg 2048w\" sizes=\"auto, (max-width: 2560px) 100vw, 2560px\" \/><\/figure>\n<\/div>\n\n\n<div style=\"height:24px\" aria-hidden=\"true\" class=\"wp-block-spacer\"><\/div>\n\n\n\n<h3 class=\"wp-block-heading has-text-align-center has-neve-text-color-color has-text-color\">Oberst Kotur Thomas<\/h3>\n\n\n\n<p class=\"has-text-align-center has-neve-text-color-color has-text-color\"><strong>4. Beisitzer<\/strong><\/p>\n\n\n\n<div style=\"height:40px\" aria-hidden=\"true\" class=\"wp-block-spacer\"><\/div>\n<\/div>\n\n\n\n<div class=\"wp-block-column is-layout-flow wp-block-column-is-layout-flow\">\n<div style=\"height:24px\" aria-hidden=\"true\" class=\"wp-block-spacer\"><\/div>\n<\/div>\n<\/div>\n<\/div><\/div>\n<\/div><\/div>\n\n\n\n<div class=\"wp-block-cover alignfull\" style=\"min-height:600px;aspect-ratio:unset;\"><span aria-hidden=\"true\" class=\"wp-block-cover__background has-nv-site-bg-background-color has-background-dim-100 has-background-dim\"><\/span><div class=\"wp-block-cover__inner-container is-layout-flow wp-block-cover-is-layout-flow\">\n<div style=\"height:18px\" aria-hidden=\"true\" class=\"wp-block-spacer\"><\/div>\n\n\n\n<div class=\"wp-block-group\"><div class=\"wp-block-group__inner-container is-layout-flow wp-block-group-is-layout-flow\">\n<h2 class=\"wp-block-heading has-nv-dark-bg-color has-text-color has-link-color wp-elements-89f63e9a1ef74ad980cec4986e92b2b7\">Die OGMH<\/h2>\n<\/div><\/div>\n\n\n\n<div class=\"wp-block-group is-vertical is-layout-flex wp-container-core-group-is-layout-8cf370e7 wp-block-group-is-layout-flex\">\n<p class=\"has-nv-dark-bg-color has-text-color has-link-color wp-elements-aa65ecd3660f831d8efe57590f1bcf4f\">setzt sich f\u00fcr eine glaubw\u00fcrdige und leistungsf\u00e4hige Schweizer Armee im Einklang mit ihrem Verfassungsauftrag ein;&nbsp;<\/p>\n\n\n\n<p class=\"has-nv-dark-bg-color has-text-color has-link-color wp-elements-080fe53eee057c95c2520695378d1b40\">nimmt die milit\u00e4rpolitische Verantwortung und die Interessen der Offiziere im Rahmen der schweizerischen Sicherheitspolitik wahr;&nbsp;&nbsp;<\/p>\n\n\n\n<p class=\"has-nv-dark-bg-color has-text-color has-link-color wp-elements-94178357c10ea565bd8a847a00ab30cd\">engagiert sich als Bindeglied zwischen Bev\u00f6lkerung und Armee und vertritt ihre Interessen gegen\u00fcber der \u00d6ffentlichkeit, Institutionen und Beh\u00f6rden;&nbsp;<\/p>\n\n\n\n<p class=\"has-nv-dark-bg-color has-text-color has-link-color wp-elements-f4b6b7c8fb9e1b67fec4b2eb4acecc6c\">f\u00f6rdert die ausserdienstliche Weiterbildung der Mitglieder;&nbsp;<\/p>\n\n\n\n<p class=\"has-nv-dark-bg-color has-text-color has-link-color wp-elements-868fce1cde1585d5ec4104b039edafc9\">pflegt die Kameradschaft, f\u00f6rdert das Netzwerk der Mitglieder und ist parteipolitisch und konfessionell neutral.&nbsp;<\/p>\n<\/div>\n\n\n\n<div style=\"height:39px\" aria-hidden=\"true\" class=\"wp-block-spacer\"><\/div>\n<\/div><\/div>\n\n\n\n<div style=\"height:36px\" aria-hidden=\"true\" class=\"wp-block-spacer\"><\/div>\n\n\n\n<div class=\"wp-block-cover alignfull\" style=\"min-height:600px;aspect-ratio:unset;\"><span aria-hidden=\"true\" class=\"wp-block-cover__background has-nv-site-bg-background-color has-background-dim-100 has-background-dim\"><\/span><div class=\"wp-block-cover__inner-container is-layout-flow wp-block-cover-is-layout-flow\">\n<div class=\"wp-block-group\"><div class=\"wp-block-group__inner-container is-layout-flow wp-block-group-is-layout-flow\">\n<h2 class=\"wp-block-heading\"><mark style=\"background-color:rgba(0, 0, 0, 0)\" class=\"has-inline-color has-nv-dark-bg-color\">Die Statuten<\/mark><\/h2>\n<\/div><\/div>\n\n\n\n<div data-wp-interactive=\"core\/file\" class=\"wp-block-file\"><object data-wp-bind--hidden=\"!state.hasPdfPreview\" hidden class=\"wp-block-file__embed\" data=\"https:\/\/ogmh.ch\/wp-content\/uploads\/2024\/05\/Statuten-OGMH_2024.pdf\" type=\"application\/pdf\" style=\"width:100%;height:600px\" aria-label=\"Einbettung von Statuten-OGMH_2024.\"><\/object><a id=\"wp-block-file--media-4ba38f0a-86dc-4a29-b156-398dd0dab02e\" href=\"https:\/\/ogmh.ch\/wp-content\/uploads\/2024\/05\/Statuten-OGMH_2024.pdf\">Statuten-OGMH_2024<\/a><a href=\"https:\/\/ogmh.ch\/wp-content\/uploads\/2024\/05\/Statuten-OGMH_2024.pdf\" class=\"wp-block-file__button wp-element-button\" download aria-describedby=\"wp-block-file--media-4ba38f0a-86dc-4a29-b156-398dd0dab02e\">Herunterladen<\/a><\/div>\n\n\n\n<div style=\"height:76px\" aria-hidden=\"true\" class=\"wp-block-spacer\"><\/div>\n<\/div><\/div>\n","protected":false},"excerpt":{"rendered":"","protected":false},"author":1,"featured_media":0,"parent":0,"menu_order":0,"comment_status":"closed","ping_status":"closed","template":"","meta":{"neve_meta_sidebar":"default","neve_meta_container":"default","neve_meta_enable_content_width":"on","neve_meta_content_width":100,"neve_meta_title_alignment":"","neve_meta_author_avatar":"","neve_post_elements_order":"","neve_meta_disable_header":"","neve_meta_disable_footer":"","neve_meta_disable_title":"on","_themeisle_gutenberg_block_has_review":false,"_ti_tpc_template_sync":false,"_ti_tpc_template_id":"eex7gnweb2m8vo93cr1g","footnotes":""},"class_list":["post-436","page","type-page","status-publish","hentry"],"_links":{"self":[{"href":"https:\/\/ogmh.ch\/index.php?rest_route=\/wp\/v2\/pages\/436","targetHints":{"allow":["GET"]}}],"collection":[{"href":"https:\/\/ogmh.ch\/index.php?rest_route=\/wp\/v2\/pages"}],"about":[{"href":"https:\/\/ogmh.ch\/index.php?rest_route=\/wp\/v2\/types\/page"}],"author":[{"embeddable":true,"href":"https:\/\/ogmh.ch\/index.php?rest_route=\/wp\/v2\/users\/1"}],"replies":[{"embeddable":true,"href":"https:\/\/ogmh.ch\/index.php?rest_route=%2Fwp%2Fv2%2Fcomments&post=436"}],"version-history":[{"count":26,"href":"https:\/\/ogmh.ch\/index.php?rest_route=\/wp\/v2\/pages\/436\/revisions"}],"predecessor-version":[{"id":1298,"href":"https:\/\/ogmh.ch\/index.php?rest_route=\/wp\/v2\/pages\/436\/revisions\/1298"}],"wp:attachment":[{"href":"https:\/\/ogmh.ch\/index.php?rest_route=%2Fwp%2Fv2%2Fmedia&parent=436"}],"curies":[{"name":"wp","href":"https:\/\/api.w.org\/{rel}","templated":true}]}}