{"id":455,"date":"2023-12-26T09:31:35","date_gmt":"2023-12-26T09:31:35","guid":{"rendered":"https:\/\/ogmh.ch\/?page_id=455"},"modified":"2026-03-29T12:28:45","modified_gmt":"2026-03-29T12:28:45","slug":"kommende-anlaesse","status":"publish","type":"page","link":"https:\/\/ogmh.ch\/?page_id=455","title":{"rendered":"Kommende Anl\u00e4sse"},"content":{"rendered":"\n<h2 class=\"wp-block-heading\">Jahresprogramm<\/h2>\n\n\n\n<html>\n<head>\n    <style>\n        table {\n            width: 100%;\n            border-collapse: collapse;\n        }\n        th, td {\n            border: 1px solid black;\n            padding: 8px;\n            text-align: left;\n        }\n        th {\n            background-color: #f2f2f2;\n        }\n    <\/style>\n<\/head>\n<body>\n    <table>\n        <tr>\n            <th>Datum<\/th>\n            <th>Anlass<\/th>\n        <\/tr>\n        <tr>\n            <td>23.01.2026<\/td>\n            <td>Schneeschuhlaufen, Diebish\u00fctte<\/td>\n        <\/tr>\n        <tr>\n            <td>26.02.2026<\/td>\n            <td>Kaminfeuergespr\u00e4ch<\/td>\n        <\/tr>\n        <tr>\n            <td>21.03.2026<\/td>\n            <td>VV 2026, Wollerau<\/td>\n        <\/tr>\n        <tr>\n            <td>23.04.2026<\/td>\n            <td>Rom Reise<\/td>\n        <\/tr>\n        <tr>\n            <td>09.05.2026<\/td>\n            <td>JuniorsAnlass (Paintball)<\/td>\n        <\/tr>\n        <tr>\n            <td>29.05.2026<\/td>\n            <td>Firmenbesuch &#8222;SkyGuide&#8220;<\/td>\n        <\/tr>\n        <tr>\n            <td>01.08.2026<\/td>\n            <td>1 August BuureBrunch mit optionaler Wanderung<\/td>\n        <\/tr>\n        <tr>\n            <td>22.08.2026<\/td>\n            <td>Shooting &#038; Wursting<\/td>\n        <\/tr>\n        <tr>\n            <td>19.09.2026<\/td>\n            <td>Waffenlauf, OGMH Patrouille<\/td>\n        <\/tr>\n        <tr>\n            <td>12.11.2026<\/td>\n            <td>Kaminfeuergespr\u00e4ch<\/td>\n        <\/tr>\n        <tr>\n            <td>05.12.2026<\/td>\n            <td>Samichlaus H\u00f6ck <\/td>\n        <\/tr>\n        <tr>\n            <td>20.03.2027<\/td>\n            <td>VV 2027, Bezirk H\u00f6fe<\/td>\n        <\/tr>\n    <\/table>\n<\/body>\n<\/html>\n\n\n\n<h2 class=\"wp-block-heading\"><strong>Rom-Reise<\/strong><\/h2>\n\n\n\n<h4 class=\"wp-block-heading\"><strong>2<\/strong>3.04.2026 &#8211; 26.04.2026<\/h4>\n\n\n\n<div class=\"wp-block-columns is-layout-flex wp-container-core-columns-is-layout-9d6595d7 wp-block-columns-is-layout-flex\">\n<div class=\"wp-block-column is-layout-flow wp-block-column-is-layout-flow\">\n<div class=\"wp-block-group is-vertical is-layout-flex wp-container-core-group-is-layout-8cf370e7 wp-block-group-is-layout-flex\">\n<figure class=\"wp-block-image size-full\"><img loading=\"lazy\" decoding=\"async\" width=\"1300\" height=\"867\" src=\"https:\/\/ogmh.ch\/wp-content\/uploads\/2026\/01\/b9adba27efabf9c322d32cd40951c09d-378338615_highres-data.webp\" alt=\"\" class=\"wp-image-1248\" srcset=\"https:\/\/ogmh.ch\/wp-content\/uploads\/2026\/01\/b9adba27efabf9c322d32cd40951c09d-378338615_highres-data.webp 1300w, https:\/\/ogmh.ch\/wp-content\/uploads\/2026\/01\/b9adba27efabf9c322d32cd40951c09d-378338615_highres-data-300x200.webp 300w, https:\/\/ogmh.ch\/wp-content\/uploads\/2026\/01\/b9adba27efabf9c322d32cd40951c09d-378338615_highres-data-1024x683.webp 1024w, https:\/\/ogmh.ch\/wp-content\/uploads\/2026\/01\/b9adba27efabf9c322d32cd40951c09d-378338615_highres-data-768x512.webp 768w, https:\/\/ogmh.ch\/wp-content\/uploads\/2026\/01\/b9adba27efabf9c322d32cd40951c09d-378338615_highres-data-930x620.webp 930w\" sizes=\"auto, (max-width: 1300px) 100vw, 1300px\" \/><\/figure>\n<\/div>\n<\/div>\n\n\n\n<div class=\"wp-block-column is-layout-flow wp-block-column-is-layout-flow\">\n<p>Wir vom Vorstand der OGMH w\u00fcrden Euch gerne einladen, mit uns vom Donnerstag,&nbsp;<br>23.&nbsp;April bis am Sonntag, 26. April 2026 auf eine Rom-Reise zu kommen, an deren Planung ich derzeit dran bin. Nach dem Abflug am&nbsp;Donnerstagmorgen werden wir uns zun\u00e4chst in Rom einfinden und das Hotel beziehen.&nbsp;Uns ist es gelungen,&nbsp;am sp\u00e4ten Donnerstagnachmittag&nbsp;eine F\u00fchrung bei der Schweizergarde&nbsp;zu organisieren &#8211; dort werden wir einen Einblick in die Welt des Vatikans erhalten.&nbsp;Die restliche Zeit verbringen wir&nbsp;bei&nbsp;einem klassischen Sightseeing der ber\u00fchmten&nbsp;Gegenden und Attraktionen&nbsp;rund um Rom<\/p>\n\n\n\n<div class=\"wp-block-file\"><a id=\"wp-block-file--media-453db4e2-aca4-4242-8458-23a323aa9f35\" href=\"https:\/\/ogmh.ch\/wp-content\/uploads\/2026\/01\/Einladung_Anmeldung_Rom-Reise_neu.pdf\">Einladung_Anmeldung_Rom-Reise_neu<\/a><a href=\"https:\/\/ogmh.ch\/wp-content\/uploads\/2026\/01\/Einladung_Anmeldung_Rom-Reise_neu.pdf\" class=\"wp-block-file__button wp-element-button\" download aria-describedby=\"wp-block-file--media-453db4e2-aca4-4242-8458-23a323aa9f35\">Herunterladen<\/a><\/div>\n\n\n\n<div class=\"wp-block-group\"><div class=\"wp-block-group__inner-container is-layout-constrained wp-block-group-is-layout-constrained\">\n<div class=\"wp-block-buttons is-layout-flex wp-block-buttons-is-layout-flex\">\n<div class=\"wp-block-button is-style-secondary\"><a class=\"wp-block-button__link has-nv-site-bg-color has-text-color has-link-color wp-element-button\" href=\"mailto:info@ogmh.ch?subject=KeineAnmeldung Rom Reise 2026&amp;body=Name Vorname:%0AZus\u00e4tzliche Personen:\">Keine Anmeldung mehr m\u00f6glich<\/a><\/div>\n<\/div>\n<\/div><\/div>\n<\/div>\n<\/div>\n\n\n\n<iframe src=\"https:\/\/www.google.com\/maps\/embed?pb=!1m18!1m12!1m3!1d1178.4784641655203!2d12.453722790804493!3d41.90189468659814!2m3!1f0!2f0!3f0!3m2!1i1024!2i768!4f13.1!3m3!1m2!1s0x132f6061b7149b59%3A0x724bf077cd875283!2sPetersdom!5e0!3m2!1sde!2sch!4v1767282786844!5m2!1sde!2sch\" width=\"100%\" height=\"450\" style=\"border:0;\" allowfullscreen=\"\" loading=\"lazy\" referrerpolicy=\"no-referrer-when-downgrade\"><\/iframe>\n\n\n\n<hr class=\"wp-block-separator has-alpha-channel-opacity\"\/>\n\n\n\n<div class=\"wp-block-group\"><div class=\"wp-block-group__inner-container is-layout-constrained wp-block-group-is-layout-constrained\">\n<h2 class=\"wp-block-heading\"><strong>Paintball<\/strong><\/h2>\n\n\n\n<h4 class=\"wp-block-heading\">Samstag, 09.05.2026<\/h4>\n\n\n\n<div class=\"wp-block-columns is-layout-flex wp-container-core-columns-is-layout-9d6595d7 wp-block-columns-is-layout-flex\">\n<div class=\"wp-block-column is-layout-flow wp-block-column-is-layout-flow\">\n<div class=\"wp-block-group is-vertical is-layout-flex wp-container-core-group-is-layout-8cf370e7 wp-block-group-is-layout-flex\">\n<figure class=\"wp-block-image size-full\"><img loading=\"lazy\" decoding=\"async\" width=\"2560\" height=\"1920\" src=\"https:\/\/ogmh.ch\/wp-content\/uploads\/2024\/02\/IMG20230429140124-scaled.jpg\" alt=\"\" class=\"wp-image-609\" srcset=\"https:\/\/ogmh.ch\/wp-content\/uploads\/2024\/02\/IMG20230429140124-scaled.jpg 2560w, https:\/\/ogmh.ch\/wp-content\/uploads\/2024\/02\/IMG20230429140124-300x225.jpg 300w, https:\/\/ogmh.ch\/wp-content\/uploads\/2024\/02\/IMG20230429140124-1024x768.jpg 1024w, https:\/\/ogmh.ch\/wp-content\/uploads\/2024\/02\/IMG20230429140124-768x576.jpg 768w, https:\/\/ogmh.ch\/wp-content\/uploads\/2024\/02\/IMG20230429140124-1536x1152.jpg 1536w, https:\/\/ogmh.ch\/wp-content\/uploads\/2024\/02\/IMG20230429140124-2048x1536.jpg 2048w\" sizes=\"auto, (max-width: 2560px) 100vw, 2560px\" \/><\/figure>\n<\/div>\n<\/div>\n\n\n\n<div class=\"wp-block-column is-layout-flow wp-block-column-is-layout-flow\">\n<p>Wir treffen uns um 13.15 Uhr bei der Paintballarena in Sch\u00e4nis um unsere technischen und taktischen<br>F\u00e4higkeiten im Begegnungsgefecht unter Beweis zu stellen. ROE (Rules of Engagement) und ROB<br>(Rules of Behaviour) werden erst kurz vor Einsatz bekannt gegeben.<br>Ausr\u00fcstung<\/p>\n\n\n\n<p><\/p>\n\n\n\n<div class=\"wp-block-file\"><a id=\"wp-block-file--media-541e25ea-5218-45af-a466-3eaae8cf7c61\" href=\"https:\/\/ogmh.ch\/wp-content\/uploads\/2026\/03\/Einladung-Paintball.pdf\">Einladung Paintball<\/a><a href=\"https:\/\/ogmh.ch\/wp-content\/uploads\/2026\/03\/Einladung-Paintball.pdf\" class=\"wp-block-file__button wp-element-button\" download aria-describedby=\"wp-block-file--media-541e25ea-5218-45af-a466-3eaae8cf7c61\">Herunterladen<\/a><\/div>\n\n\n\n<div class=\"wp-block-group\"><div class=\"wp-block-group__inner-container is-layout-constrained wp-block-group-is-layout-constrained\">\n<div class=\"wp-block-buttons is-layout-flex wp-block-buttons-is-layout-flex\">\n<div class=\"wp-block-button is-style-primary\"><a class=\"wp-block-button__link has-nv-site-bg-color has-text-color has-link-color wp-element-button\" href=\"https:\/\/forms.cloud.microsoft\/Pages\/ResponsePage.aspx?id=DQSIkWdsW0yxEjajBLZtrQAAAAAAAAAAAANAAV7WDzZUQzI5SUkzUlpSUks1TDBLMDFLS0I4Q0VVNi4u\">Anmeldung<\/a><\/div>\n<\/div>\n<\/div><\/div>\n<\/div>\n<\/div>\n\n\n\n<iframe loading=\"lazy\" width=\"100%\" height=\"480px\" src=\"https:\/\/forms.cloud.microsoft\/Pages\/ResponsePage.aspx?id=DQSIkWdsW0yxEjajBLZtrQAAAAAAAAAAAANAAV7WDzZUQzI5SUkzUlpSUks1TDBLMDFLS0I4Q0VVNi4u&#038;embed=true\" frameborder=\"0\" marginwidth=\"0\" marginheight=\"0\" style=\"border: none; max-width:100%; max-height:100vh\" allowfullscreen webkitallowfullscreen mozallowfullscreen msallowfullscreen> <\/iframe>\n\n\n\n<iframe src=\"https:\/\/www.google.com\/maps\/embed?pb=!1m14!1m8!1m3!1d2235.8495547821376!2d9.039523073976747!3d47.15414840943823!3m2!1i1024!2i768!4f13.1!3m3!1m2!1s0x479acdec62a3d777%3A0xfa4ac276103f0f07!2sPaintball%20Arena%20(Oberer%20Z%C3%BCrichsee)!5e0!3m2!1sde!2sch!4v1774780660153!5m2!1sde!2sch\" width=\"100%\" height=\"450\" style=\"border:0;\" allowfullscreen=\"\" loading=\"lazy\" referrerpolicy=\"no-referrer-when-downgrade\"><\/iframe>\n\n\n\n<hr class=\"wp-block-separator has-alpha-channel-opacity\"\/>\n<\/div><\/div>\n\n\n\n<div class=\"wp-block-group\"><div class=\"wp-block-group__inner-container is-layout-constrained wp-block-group-is-layout-constrained\">\n<h2 class=\"wp-block-heading\"><strong><strong>Skyguide F\u00fchrung<\/strong><\/strong><\/h2>\n\n\n\n<h4 class=\"wp-block-heading\"><strong>Freitag, 29.05.2026<\/strong><\/h4>\n\n\n\n<div class=\"wp-block-columns is-layout-flex wp-container-core-columns-is-layout-9d6595d7 wp-block-columns-is-layout-flex\">\n<div class=\"wp-block-column is-layout-flow wp-block-column-is-layout-flow\">\n<div class=\"wp-block-group is-vertical is-layout-flex wp-container-core-group-is-layout-8cf370e7 wp-block-group-is-layout-flex\">\n<figure class=\"wp-block-image size-full\"><img loading=\"lazy\" decoding=\"async\" width=\"1500\" height=\"1000\" src=\"https:\/\/ogmh.ch\/wp-content\/uploads\/2026\/03\/Recruitment-Day-Skyguide_1500x1000.jpg\" alt=\"\" class=\"wp-image-1290\" srcset=\"https:\/\/ogmh.ch\/wp-content\/uploads\/2026\/03\/Recruitment-Day-Skyguide_1500x1000.jpg 1500w, https:\/\/ogmh.ch\/wp-content\/uploads\/2026\/03\/Recruitment-Day-Skyguide_1500x1000-300x200.jpg 300w, https:\/\/ogmh.ch\/wp-content\/uploads\/2026\/03\/Recruitment-Day-Skyguide_1500x1000-1024x683.jpg 1024w, https:\/\/ogmh.ch\/wp-content\/uploads\/2026\/03\/Recruitment-Day-Skyguide_1500x1000-768x512.jpg 768w, https:\/\/ogmh.ch\/wp-content\/uploads\/2026\/03\/Recruitment-Day-Skyguide_1500x1000-930x620.jpg 930w\" sizes=\"auto, (max-width: 1500px) 100vw, 1500px\" \/><\/figure>\n<\/div>\n<\/div>\n\n\n\n<div class=\"wp-block-column is-layout-flow wp-block-column-is-layout-flow\">\n<p>\u00dcber eine Million Fl\u00fcge werden j\u00e4hrlich im Schweizer Luftraum registriert. Ob es um Starts, Landungen oder \u00dcberfl\u00fcge geht &#8211; die Skyguide AG sorgt im Auftrag des Bundes f\u00fcr eine sichere und wirtschaftliche Abwicklung des zivilen und milit\u00e4rischen Luftverkehrs. <\/p>\n\n\n\n<p>Mit Freude lade ich Euch, gesch\u00e4tzte Mitglieder und Freunde zur spannenden F\u00fchrung bei der Skyguide ein.<\/p>\n\n\n\n<div class=\"wp-block-file\"><a id=\"wp-block-file--media-d3802e50-39db-46d4-b07c-02e4e8e98395\" href=\"https:\/\/ogmh.ch\/wp-content\/uploads\/2026\/03\/Skyguide-Fuehrung-290526_ES02.pdf\">Skyguide F\u00fchrung 290526_ES02<\/a><a href=\"https:\/\/ogmh.ch\/wp-content\/uploads\/2026\/03\/Skyguide-Fuehrung-290526_ES02.pdf\" class=\"wp-block-file__button wp-element-button\" download aria-describedby=\"wp-block-file--media-d3802e50-39db-46d4-b07c-02e4e8e98395\">Herunterladen<\/a><\/div>\n\n\n\n<div class=\"wp-block-group\"><div class=\"wp-block-group__inner-container is-layout-constrained wp-block-group-is-layout-constrained\">\n<div class=\"wp-block-buttons is-layout-flex wp-block-buttons-is-layout-flex\">\n<div class=\"wp-block-button is-style-primary\"><a class=\"wp-block-button__link has-nv-site-bg-color has-text-color has-link-color wp-element-button\" href=\"https:\/\/forms.cloud.microsoft\/Pages\/ResponsePage.aspx?id=DQSIkWdsW0yxEjajBLZtrQAAAAAAAAAAAANAAV7WDzZUQkg2Nlc2UVVLT0IzTjdBWUszMVdURDhFSi4u\">Anmeldung<\/a><\/div>\n<\/div>\n<\/div><\/div>\n<\/div>\n<\/div>\n\n\n\n<iframe loading=\"lazy\" width=\"100%\" height=\"480px\" src=\"https:\/\/forms.cloud.microsoft\/Pages\/ResponsePage.aspx?id=DQSIkWdsW0yxEjajBLZtrQAAAAAAAAAAAANAAV7WDzZUQkg2Nlc2UVVLT0IzTjdBWUszMVdURDhFSi4u&#038;embed=true\" frameborder=\"0\" marginwidth=\"0\" marginheight=\"0\" style=\"border: none; max-width:100%; max-height:100vh\" allowfullscreen webkitallowfullscreen mozallowfullscreen msallowfullscreen> <\/iframe>\n\n\n\n<iframe src=\"https:\/\/www.google.com\/maps\/embed?pb=!1m18!1m12!1m3!1d2700.2618468717396!2d8.637392976381689!3d47.40683357117221!2m3!1f0!2f0!3f0!3m2!1i1024!2i768!4f13.1!3m3!1m2!1s0x479aa18510183111%3A0x41a890646be20c12!2sFlugsicherungsstrasse%201%2F5%2C%208602%20Wangen-Br%C3%BCttisellen!5e0!3m2!1sde!2sch!4v1774787180816!5m2!1sde!2sch\" width=\"100%\" height=\"450\" style=\"border:0;\" allowfullscreen=\"\" loading=\"lazy\" referrerpolicy=\"no-referrer-when-downgrade\"><\/iframe>\n\n\n\n<hr class=\"wp-block-separator has-alpha-channel-opacity\"\/>\n<\/div><\/div>\n\n\n\n<p><\/p>\n","protected":false},"excerpt":{"rendered":"<p>Jahresprogramm Datum Anlass 23.01.2026 Schneeschuhlaufen, Diebish\u00fctte 26.02.2026 Kaminfeuergespr\u00e4ch 21.03.2026 VV 2026, Wollerau 23.04.2026 Rom Reise 09.05.2026 JuniorsAnlass (Paintball) 29.05.2026 Firmenbesuch &#8222;SkyGuide&#8220; 01.08.2026 1 August BuureBrunch mit optionaler Wanderung 22.08.2026 Shooting &#038; Wursting 19.09.2026 Waffenlauf, OGMH Patrouille 12.11.2026 Kaminfeuergespr\u00e4ch 05.12.2026 Samichlaus H\u00f6ck 20.03.2027 VV 2027, Bezirk H\u00f6fe Rom-Reise 23.04.2026 &#8211; 26.04.2026 Wir vom Vorstand der OGMH&hellip;&nbsp;<a href=\"https:\/\/ogmh.ch\/?page_id=455\" class=\"\" rel=\"bookmark\">Weiterlesen &raquo;<span class=\"screen-reader-text\">Kommende Anl\u00e4sse<\/span><\/a><\/p>\n","protected":false},"author":1,"featured_media":0,"parent":0,"menu_order":0,"comment_status":"closed","ping_status":"closed","template":"","meta":{"neve_meta_sidebar":"","neve_meta_container":"","neve_meta_enable_content_width":"","neve_meta_content_width":0,"neve_meta_title_alignment":"","neve_meta_author_avatar":"","neve_post_elements_order":"","neve_meta_disable_header":"","neve_meta_disable_footer":"","neve_meta_disable_title":"","_themeisle_gutenberg_block_has_review":false,"_ti_tpc_template_sync":false,"_ti_tpc_template_id":"","footnotes":""},"class_list":["post-455","page","type-page","status-publish","hentry"],"_links":{"self":[{"href":"https:\/\/ogmh.ch\/index.php?rest_route=\/wp\/v2\/pages\/455","targetHints":{"allow":["GET"]}}],"collection":[{"href":"https:\/\/ogmh.ch\/index.php?rest_route=\/wp\/v2\/pages"}],"about":[{"href":"https:\/\/ogmh.ch\/index.php?rest_route=\/wp\/v2\/types\/page"}],"author":[{"embeddable":true,"href":"https:\/\/ogmh.ch\/index.php?rest_route=\/wp\/v2\/users\/1"}],"replies":[{"embeddable":true,"href":"https:\/\/ogmh.ch\/index.php?rest_route=%2Fwp%2Fv2%2Fcomments&post=455"}],"version-history":[{"count":96,"href":"https:\/\/ogmh.ch\/index.php?rest_route=\/wp\/v2\/pages\/455\/revisions"}],"predecessor-version":[{"id":1291,"href":"https:\/\/ogmh.ch\/index.php?rest_route=\/wp\/v2\/pages\/455\/revisions\/1291"}],"wp:attachment":[{"href":"https:\/\/ogmh.ch\/index.php?rest_route=%2Fwp%2Fv2%2Fmedia&parent=455"}],"curies":[{"name":"wp","href":"https:\/\/api.w.org\/{rel}","templated":true}]}}