{"id":558,"date":"2024-02-24T15:30:20","date_gmt":"2024-02-24T15:30:20","guid":{"rendered":"https:\/\/ogmh.ch\/?page_id=558"},"modified":"2026-04-04T13:14:16","modified_gmt":"2026-04-04T13:14:16","slug":"datenschutzerklaerung-der-offiziersgesellschaft-march-hoefe","status":"publish","type":"page","link":"https:\/\/ogmh.ch\/?page_id=558","title":{"rendered":"Datenschutzerkl\u00e4rung der Offiziersgesellschaft March-H\u00f6fe"},"content":{"rendered":"\n<p>Mit der Nutzung unserer Website stimmen Sie der Datenschutzerkl\u00e4rung zu. Der Schutz Ihrer Privatsph\u00e4re ist uns wichtig. Wir zeigen nachfolgend, wie wir mit Personendaten umgehen, und die Sicherheit Ihrer Daten gew\u00e4hrleisten. Die strengen Vorschriften zum Schutz der Daten nat\u00fcrlicher Personen wenden wir auch f\u00fcr juristische Personen an. 1. Datenschutzerkl\u00e4rung Mit dieser Datenschutzerkl\u00e4rung informieren wir, welche Personendaten wir wof\u00fcr, wie und wo bearbeiten, insbesondere im Zusammenhang mit unserer Website und unserem sonstigen Angebot oder ganz allgemein, wenn wir f\u00fcr Sie Dienstleistungen erbringen. Wir informieren mit dieser Datenschutzerkl\u00e4rung ausserdem \u00fcber die Rechte von Personen, deren Daten wir bearbeiten. F\u00fcr einzelne oder zus\u00e4tzliche Angebote und Leistungen k\u00f6nnen besondere, erg\u00e4nzende oder weitere Datenschutzerkl\u00e4rungen sowie sonstige rechtliche Dokumente wie Allgemeine Gesch\u00e4ftsbedingungen (AGB), Nutzungsbedingungen oder Teilnahmebedingungen gelten. Unser Angebot unterliegt dem schweizerischen Datenschutzrecht sowie allenfalls anwendbarem ausl\u00e4ndischem Datenschutzrecht wie insbesondere jenem der Europ\u00e4ischen Union (EU) mit der Datenschutz-Grundverordnung (DSGVO). Die Europ\u00e4ische Kommission anerkennt, dass das schweizerische Datenschutzrecht einen angemessenen Datenschutz gew\u00e4hrleistet. Wenn Sie datenschutzrechtliche Anliegen haben, k\u00f6nnen Sie uns diese an folgende Kontaktadresse mitteilen:<\/p>\n\n\n\n<p>Offiziersgesellschaft March-H\u00f6fe<\/p>\n\n\n\n<p>Pr\u00e4sident Tobias Rothlin<\/p>\n\n\n\n<p>Z\u00fcrcherstrasse 78<\/p>\n\n\n\n<p>8855 Wangen<\/p>\n\n\n\n<p>praesident@ogmh.ch<\/p>\n\n\n\n<p>Wir weisen darauf hin, wenn es im Einzelfall andere Verantwortliche f\u00fcr die Bearbeitung von Personendaten gibt.<\/p>\n\n\n\n<p>2. Bearbeitung von Personendaten<\/p>\n\n\n\n<p>2.1 Begriffe Personendaten sind alle Angaben, die sich auf eine bestimmte oder bestimmbare Person beziehen. Eine betroffene Person ist eine nat\u00fcrliche Person, \u00fcber die Personendaten bearbeitet werden. Bearbeiten umfasst jeden Umgang mit Personendaten, unabh\u00e4ngig von den angewandten Mitteln und Verfahren, insbesondere das Aufbewahren, Bekanntgeben, Beschaffen, Erheben, L\u00f6schen, Speichern, Ver\u00e4ndern, Vernichten und Verwenden von Personendaten.<\/p>\n\n\n\n<p>2.2 Rechtsgrundlagen Wir bearbeiten Personendaten im Einklang mit dem schweizerischen Datenschutzrecht, wie insbesondere dem Bundesgesetz \u00fcber den Datenschutz (DSG; SR 235.1) und der Verordnung \u00fcber den Datenschutz (DSV; SR 235.11).<\/p>\n\n\n\n<p>2.3 Art, Umfang und Zweck Wir bearbeiten jene Personendaten, die erforderlich sind, um unser Angebot dauerhaft, nutzerfreundlich, sicher und zuverl\u00e4ssig bereitstellen zu k\u00f6nnen. Solche Personendaten k\u00f6nnen in die Kategorien von Bestandes- und Kontaktdaten, Browser- und Ger\u00e4tedaten, Inhaltsdaten, Meta- beziehungsweise Randdaten und Nutzungsdaten, Standortdaten, Vertrags- und Zahlungsdaten fallen. Wir bearbeiten Personendaten w\u00e4hrend jener Dauer, die f\u00fcr den jeweiligen Zweck beziehungsweise die jeweiligen Zwecke oder gesetzlich erforderlich ist. Dabei ist es m\u00f6glich, dass Personendaten f\u00fcr die Zeit aufbewahrt werden, in der Anspr\u00fcche geltend gemacht werden k\u00f6nnen und soweit wir anderweitig gesetzlich dazu verpflichtet oder erm\u00e4chtigt sind oder berechtigte Gesch\u00e4ftsinteressen dies erfordern (z.B. f\u00fcr Beweis- und Dokumentationszwecke). Personendaten, deren Bearbeitung nicht mehr erforderlich ist, werden anonymisiert oder gel\u00f6scht. Personen, deren Daten wir bearbeiten, haben grunds\u00e4tzlich ein Recht auf L\u00f6schung. Wir bearbeiten Personendaten grunds\u00e4tzlich nur nach Einwilligung der betroffenen Person, es sei denn, die Bearbeitung ist aus anderen rechtlichen Gr\u00fcnden zul\u00e4ssig, beispielsweise zur Erf\u00fcllung eines Vertrages mit der betroffenen Person&nbsp;und f\u00fcr entsprechende vorvertragliche Massnahmen, um unsere \u00fcberwiegenden berechtigten Interessen zu wahren, weil die Bearbeitung aus den Umst\u00e4nden ersichtlich ist oder nach vorg\u00e4ngiger Information. In diesem Rahmen bearbeiten wir insbesondere Angaben, die eine betroffene Person bei der Kontaktaufnahme \u2013 beispielsweise per Briefpost, E-Mail, Kontaktformular, Social Media oder Telefon \u2013 freiwillig und selbst an uns \u00fcbermittelt. Wir k\u00f6nnen solche Angaben beispielsweise in einem Adressbuch oder mit vergleichbaren Hilfsmitteln speichern. Sofern sie Personendaten \u00fcber Dritte an uns \u00fcbermitteln, sind sie verpflichtet, den Datenschutz gegen\u00fcber solchen Dritten zu gew\u00e4hrleisten sowie die Richtigkeit solcher Personendaten sicherzustellen. Wir bearbeiten ausserdem Personendaten, die wir von Dritten erhalten, aus \u00f6ffentlich zug\u00e4nglichen Quellen beschaffen oder bei der Bereitstellung unseres Angebotes erheben, sofern und soweit eine solche Bearbeitung aus rechtlichen Gr\u00fcnden zul\u00e4ssig ist.&nbsp;<\/p>\n\n\n\n<p>2.4 Bearbeitung von Personendaten durch Dritte, auch im Ausland Wir k\u00f6nnen Personendaten durch beauftragte Dritte bearbeiten lassen oder gemeinsam mit Dritten sowie mit Hilfe von Dritten bearbeiten oder an Dritte \u00fcbermitteln. Bei solchen Dritten handelt es sich insbesondere um Anbieter, deren Leistungen wir in Anspruch nehmen. Wir gew\u00e4hrleisten auch bei solchen Dritten einen angemessenen Datenschutz. Solche Dritte befinden sich grunds\u00e4tzlich in der Schweiz sowie im Europ\u00e4ischen Wirtschaftsraum (EWR). Solche Dritte k\u00f6nnen sich aber auch in sonstigen Staaten befinden, sofern deren Datenschutzrecht nach Einsch\u00e4tzung des Eidgen\u00f6ssischen Datenschutz- und \u00d6ffentlichkeitsbeauftragten (ED\u00d6B) und \u2013 sofern und soweit die Datenschutz-Grundverordnung (DSGVO) anwendbar ist \u2013 nach Einsch\u00e4tzung der Europ\u00e4ischen Kommission \u2013 einen angemessenen Datenschutz gew\u00e4hrleistet, oder wenn aus anderen Gr\u00fcnden, wie beispielsweise durch eine entsprechende vertragliche Vereinbarung, insbesondere auf Grundlage von Standardvertragsklauseln, oder durch eine entsprechende Zertifizierung, ein angemessener Datenschutz gew\u00e4hrleistet ist. Ausnahmsweise kann sich ein solcher Dritter in einem Land ohne angemessenen Datenschutz befinden, sofern daf\u00fcr die datenschutzrechtlichen Voraussetzungen wie beispielsweise die ausdr\u00fcckliche Einwilligung der betroffenen Person erf\u00fcllt werden.<\/p>\n\n\n\n<p>2.5 Buchung einer Veranstaltung bzw. eines Lehrgangs Bei der Buchung einer Veranstaltung werden die Personendaten zwecks Abwicklung der Veranstaltung erfasst. Im Rahmen der Vertragsabwicklung geben wir Ihre Daten nicht weiter. Sie k\u00f6nnen bei der Anmeldung zu einem Event, einer Dienstleitung oder eines Newsletters Ihr explizites Einverst\u00e4ndnis erteilen, dass wir Ihre Daten f\u00fcr Werbezwecke oder andere Dienstleistungen (z.B. Newsletter, Eventeinladungen) verwenden d\u00fcrfen. Die im Rahmen der Vertragsabwicklung gespeicherten personenbezogenen Daten werden nach Beendigung der gesetzlich vorgeschriebenen Aufbewahrungspflichten bzw. sobald sie nicht mehr ben\u00f6tigt werden, gel\u00f6scht. Solange die Daten noch in unserem System vorhanden sind, haben Sie die M\u00f6glichkeit, mittels Email an den Verein \u00abOffiziersgesellschaft OGMH\u00bb (durch das Anklicken eines \u00abunsubscribe\u00bb-Links) sich von weiteren Kontaktaufnahmen zu befreien. Dieser Link ist insbesondere bei E-Mails, beim Versand \u00fcber \u00abMailchimp\u00bb oder am Ende des Newsletters vorhanden. Wir sind im \u00dcbrigen gesetzlich dazu verpflichtet, transaktionsgebundene Daten aus steuerlichen Gr\u00fcnden 10 Jahre aufzubewahren.<\/p>\n\n\n\n<p>3. Rechte von betroffenen Personen<\/p>\n\n\n\n<p>Betroffene Personen, deren Personendaten wir bearbeiten, verf\u00fcgen \u00fcber die Rechte gem\u00e4ss schweizerischem Datenschutzrecht. Dazu z\u00e4hlen das Recht auf Auskunft sowie das Recht auf Berichtigung, L\u00f6schung oder Sperrung der bearbeiteten Personendaten. Betroffene Personen, deren Personendaten wir bearbeiten, k\u00f6nnen \u2013 sofern und soweit die Datenschutz-Grundverordnung (DSGVO) anwendbar ist \u2013 unentgeltlich eine Best\u00e4tigung, ob wir ihre Personendaten bearbeiten und, falls ja, Auskunft \u00fcber die Bearbeitung ihrer Personendaten verlangen, die Bearbeitung ihrer Personendaten einschr\u00e4nken lassen, ihr Recht auf Daten\u00fcbertragbarkeit wahrnehmen sowie ihre Personendaten berichtigen, l\u00f6schen (\u00abRecht auf Vergessen\u00bb), sperren oder vervollst\u00e4ndigen lassen. Betroffene Personen, deren Personendaten wir bearbeiten, k\u00f6nnen \u2013 sofern und soweit die DSGVO anwendbar ist \u2013 eine erteilte Einwilligung jederzeit mit Wirkung f\u00fcr die Zukunft widerrufen und jederzeit Widerspruch gegen die Bearbeitung ihrer Personendaten erheben. Vorbehalten bleibt unsererseits, die gesetzlich vorgesehenen Einschr\u00e4nkungen geltend zu machen, etwa wenn wir zur Aufbewahrung oder Bearbeitung gewisser Daten verpflichtet sind, daran ein \u00fcberwiegendes Interesse haben (soweit wir uns darauf berufen d\u00fcrfen) oder sie f\u00fcr die Geltendmachung von Anspr\u00fcchen ben\u00f6tigen.&nbsp;Unter anderem ist eine Datenbearbeitung nicht widerrechtlich, wenn Personendaten \u00fcber einen Vertragspartner in unmittelbarem Zusammenhang mit dem Abschluss oder der Abwicklung eines Vertrags bearbeitet werden. Dies heisst, dass rechtm\u00e4ssig beschaffte Daten einer betroffenen Person solange nicht gel\u00f6scht werden m\u00fcssen, als das Vertragsverh\u00e4ltnis andauert oder mit der Geltendmachung von Anspr\u00fcchen zu rechnen ist. Die Aus\u00fcbung der vorgenannten Rechte setzt in der Regel voraus, dass Sie Ihre Identit\u00e4t eindeutig nachweisen (z. B. durch eine Ausweiskopie, wo Ihre Identit\u00e4t sonst nicht klar ist bzw. verifiziert werden kann). Zur Geltendmachung Ihrer Rechte k\u00f6nnen Sie uns unter der in Ziffer 1 angegebenen Adresse kontaktieren. Betroffene Personen, deren Personendaten wir bearbeiten, verf\u00fcgen \u00fcber ein Beschwerderecht bei einer zust\u00e4ndigen Aufsichtsbeh\u00f6rde. Aufsichtsbeh\u00f6rde f\u00fcr den Datenschutz in der Schweiz ist der Eidgen\u00f6ssische Datenschutz- und \u00d6ffentlichkeitsbeauftragte (ED\u00d6B; www.edoeb.admin.ch).&nbsp;<\/p>\n\n\n\n<p>4. Datensicherheit&nbsp;<\/p>\n\n\n\n<p>Wir treffen angemessene sowie geeignete technische und organisatorische Massnahmen, um den Datenschutz und insbesondere die Datensicherheit zu gew\u00e4hrleisten. Allerdings kann die Bearbeitung von Personendaten im Internet trotz solcher Massnahmen immer Sicherheitsl\u00fccken aufweisen. Wir k\u00f6nnen deshalb keine absolute Datensicherheit gew\u00e4hrleisten. Der Zugriff auf unser Online-Angebot erfolgt mittels Transportverschl\u00fcsselung (SSL \/ TLS, insbesondere mit dem Hypertext Transfer Protocol Secure, abgek\u00fcrzt HTTPS). Die meisten Browser kennzeichnen Transportverschl\u00fcsselung mit einem Vorh\u00e4ngeschloss in der Adressleiste.&nbsp;<\/p>\n\n\n\n<p>5. Nutzung der Website<\/p>\n\n\n\n<p>5.1 Cookies Wir k\u00f6nnen Cookies f\u00fcr unsere Website verwenden. Bei Cookies \u2013 bei eigenen Cookies (First-Party-Cookies) als auch bei Cookies von Dritten, deren Dienste wir nutzen (Cookies von Dritten beziehungsweise Third-Party-Cookies) \u2013 handelt es sich um Daten, die in Ihrem Browser gespeichert werden. Solche gespeicherten Daten m\u00fcssen nicht auf traditionelle Cookies in Textform beschr\u00e4nkt sein. Cookies k\u00f6nnen keine Programme ausf\u00fchren oder Schadsoftware wie Trojaner und Viren \u00fcbertragen. Cookies k\u00f6nnen beim Besuch unserer Website in Ihrem Browser tempor\u00e4r als \u00abSession Cookies\u00bb oder f\u00fcr einen bestimmten&nbsp;Zeitraum als sogenannte permanente Cookies gespeichert werden. \u00abSession Cookies\u00bb werden automatisch gel\u00f6scht, wenn Sie Ihren Browser schliessen. Permanente Cookies haben eine bestimmte Speicherdauer. Sie erm\u00f6glichen insbesondere, Ihren Browser beim n\u00e4chsten Besuch unserer Website wiederzuerkennen und dadurch beispielsweise die Reichweite unserer Website zu messen. Permanente Cookies k\u00f6nnen aber beispielsweise auch f\u00fcr Online-Marketing verwendet werden. Sie k\u00f6nnen Cookies in Ihren Browser-Einstellungen jederzeit ganz oder teilweise deaktivieren sowie l\u00f6schen. Ohne Cookies steht unsere Website allenfalls nicht mehr in vollem Umfang zur Verf\u00fcgung. Wir ersuchen Sie \u2013 sofern und soweit erforderlich \u2013 aktiv um Ihre ausdr\u00fcckliche Einwilligung f\u00fcr die Verwendung von Cookies. Bei Cookies, die f\u00fcr die Erfolgs- und Reichweitenmessung oder f\u00fcr Werbung verwendet werden, ist f\u00fcr zahlreiche Dienste ein allgemeiner Widerspruch (\u00abOpt-out\u00bb) m\u00f6glich.&nbsp;<\/p>\n\n\n\n<p>5.2 Server-Logdateien Wir k\u00f6nnen f\u00fcr jeden Zugriff auf unsere Website nachfolgende Angaben erfassen, sofern diese von Ihrem Browser an unsere Server-Infrastruktur \u00fcbermittelt werden oder von unserem Webserver ermittelt werden k\u00f6nnen: Datum und Zeit einschliesslich Zeitzone, Internet Protocol (IP)-Adresse, Zugriffsstatus (HTTP-Statuscode), Betriebssystem einschliesslich Benutzeroberfl\u00e4che und Version, Browser einschliesslich Sprache und Version, aufgerufene einzelne Unter-Seite unserer Website einschliesslich \u00fcbertragener Datenmenge, zuletzt im gleichen Browser-Fenster aufgerufene Webseite. Wir speichern solche Angaben, die auch Personendaten darstellen k\u00f6nnen, in Server-Logdateien. Die Angaben sind erforderlich, um unser Online-Angebot dauerhaft, nutzerfreundlich und zuverl\u00e4ssig bereitstellen sowie um die Datensicherheit und damit insbesondere den Schutz von Personendaten sicherstellen zu k\u00f6nnen \u2013 auch durch Dritte oder mit Hilfe von Dritten.&nbsp;<\/p>\n\n\n\n<p>6. Benachrichtigungen und Mitteilungen sowie Newsletter Wir versenden Benachrichtigungen und Mitteilungen wie beispielsweise Newsletter per E-Mail und \u00fcber andere Kommunikationskan\u00e4le.Mit der Nutzung unserer Websites und der Einwilligung in den Erhalt von Newslettern und anderen Marketing-E-Mails, stimmen Sie dem Einsatz dieser Techniken zu. Wir nutzen die von Ihnen \u00fcbermittelten Personendaten, um die von Ihnen ausgew\u00e4hlten Newsletter zuzusenden. Den Bezug eines Newsletters k\u00f6nnen Sie jederzeit abbestellen.&nbsp;Die im Rahmen der Newsletter-Anmeldung gespeicherten personenbezogenen Daten werden gel\u00f6scht, wenn Sie sich erfolgreich von dem Newsletter abgemeldet haben. Anderweitige Personendaten, die Sie f\u00fcr andere Dienste hinterlegt haben, sind davon nicht betroffen.&nbsp;<\/p>\n\n\n\n<p>6.1 Erfolgsmessung- und Reichweitenmessung Benachrichtigungen und Mitteilungen k\u00f6nnen Weblinks oder Z\u00e4hlpixel enthalten, die erfassen, ob eine einzelne Mitteilung ge\u00f6ffnet wurde und welche Weblinks dabei angeklickt wurden. Solche Weblinks und Z\u00e4hlpixel k\u00f6nnen die Nutzung von Benachrichtigungen und Mitteilungen auch personenbezogen erfassen. Wir ben\u00f6tigen diese statistische Erfassung der Nutzung f\u00fcr die Erfolgs- und Reichweitenmessung, um Benachrichtigungen und Mitteilungen aufgrund der Bed\u00fcrfnisse und Lesegewohnheiten der Empf\u00e4ngerinnen und Empf\u00e4nger effektiv und nutzerfreundlich sowie dauerhaft, sicher und zuverl\u00e4ssig anbieten zu k\u00f6nnen.&nbsp;<\/p>\n\n\n\n<p>6.2 Einwilligung und Widerspruch Sie m\u00fcssen grunds\u00e4tzlich in die Verwendung Ihrer E-Mail-Adresse und Ihrer sonstigen Kontaktadressen ausdr\u00fccklich einwilligen, es sei denn, die Verwendung ist aus anderen rechtlichen Gr\u00fcnden zul\u00e4ssig. F\u00fcr eine allf\u00e4llige Einwilligung f\u00fcr den Erhalt von E-Mails verwenden wir nach M\u00f6glichkeit das \u00abDouble Opt-in\u00bb-Verfahren, das heisst Sie erhalten eine E-Mail mit einem Anmeldeformular, den Sie zur Aufnahme in den Verein ausf\u00fcllen und retournieren m\u00fcssen, damit kein Missbrauch durch unberechtigte Dritte erfolgen kann. Wir k\u00f6nnen solche Einwilligungen einschliesslich Internet Protocol (IP)-Adresse sowie Datum und Zeit aus Beweis- und Sicherheitsgr\u00fcnden protokollieren. Sie k\u00f6nnen sich grunds\u00e4tzlich jederzeit von Benachrichtigungen und Mitteilungen wie beispielsweise Newslettern abmelden. Vorbehalten bleiben Benachrichtigungen und Mitteilungen, die f\u00fcr unser Angebot zwingend erforderlich sind. Mit der Abmeldung k\u00f6nnen Sie insbesondere der statistischen Erfassung der Nutzung f\u00fcr die Erfolgs- und Reichweitenmessung widersprechen.&nbsp;<\/p>\n\n\n\n<p>7. Social Media&nbsp;<\/p>\n\n\n\n<p>Wir sind auf Social Media-Plattformen und anderen Online-Plattformen pr\u00e4sent, um mit interessierten Personen kommunizieren und \u00fcber unser Angebot informieren zu k\u00f6nnen. Dabei k\u00f6nnen Personendaten auch ausserhalb der Schweiz und des Europ\u00e4ischen Wirtschaftsraumes (EWR) bearbeitet werden. Es gelten jeweils auch die Allgemeinen Gesch\u00e4ftsbedingungen (AGB) und Nutzungsbedingungen sowie Datenschutzerkl\u00e4rungen und&nbsp;sonstigen Bestimmungen der einzelnen Betreiber solcher Online-Plattformen. Diese Bestimmungen informieren insbesondere \u00fcber die Rechte von betroffenen Personen, wozu insbesondere das Recht auf Auskunft z\u00e4hlt.&nbsp;<\/p>\n\n\n\n<p>7.1 LinkedIn Die OGMH nutzt LinkedIn f\u00fcr Werbe- und Informationszwecke. F\u00fcr Datenschutzangelegenheiten in Europa bzw. der Schweiz ist LinkedIn Ireland, Privacy Policy Issues, Wilton Plaza, Wilton Place, Dublin 2, Ireland, zust\u00e4ndig. Bei Aufruf einer Seite, welche mit einem LinkedIn Plug-in versehen ist, wird eine Verbindung zwischen dem verwendeten Browser und den LinkedIn-Server hergestellt. Weitere Informationen zu den LinkedIn-Plug-Ins k\u00f6nnen unter https:\/\/developer.linkedin.com\/plugins abgerufen werden. Im Rahmen dieses Verfahrens erh\u00e4lt LinkedIn Kenntnis dar\u00fcber, welche konkrete Unterseite der PFS Webseite durch die betroffene Person besucht wird. Die geltenden Datenschutzbestimmungen von LinkedIn sind unter www.linkedin.com\/legal\/privacy-policy abrufbar. Die Cookie-Richtlinie von LinkedIn ist unter https:\/\/www.linkedin.com\/legal\/cookie-policy abrufbar.&nbsp;<\/p>\n\n\n\n<p>7.2 Whatsapp Die OGMH nutzt WhatsApp f\u00fcr Werbe- und Informationszwecke. F\u00fcr Datenschutzangelegenheiten in Europa bzw. der Schweiz ist WhatsApp Ireland Limited, Privacy Policy Issues, 4 Grand Canal Square, Grand Canal Harbour, Dublin 2, Ireland, zust\u00e4ndig. Bei Aufruf der Applikation, welche mit einer WhatsApp Applikation versehen ist, wird eine Verbindung zwischen dem verwendeten Browser und den WhatsApp-Server hergestellt. Die geltenden Datenschutzbestimmungen von WhatsApp sind unter https:\/\/www.whatsapp.com\/legal\/privacy-policy-eea abrufbar.&nbsp;<\/p>\n\n\n\n<p>8. Erfolgs- und Reichweitenmessung&nbsp;<\/p>\n\n\n\n<p>Wir verwenden Dienste und Programme, um zu ermitteln, wie unsere Online-Angebot genutzt wird. In diesem Rahmen k\u00f6nnen wir zum Beispiel den Erfolg und die Reichweite unseres Online-Angebotes sowie die Wirkung von Verlinkungen Dritter auf unsere Website messen. Wir k\u00f6nnen aber beispielsweise auch ausprobieren und vergleichen, wie unterschiedliche Versionen unseres Online-Angebotes oder Teile unseres Online-Angebotes genutzt werden. Aufgrund der Ergebnisse der Erfolgs- und Reichweitenmessung k\u00f6nnen wir insbesondere Fehler beheben, besonders gefragte Inhalte st\u00e4rken oder Verbesserungen an unserem&nbsp;Online-Angebot vornehmen. Bei der Verwendung von Diensten und Programmen f\u00fcr die Erfolgs- und Reichweitenmessung m\u00fcssen die Internet Protocol (IP)-Adressen von einzelnen Nutzerinnen und Nutzern gespeichert werden. IP-Adressen werden grunds\u00e4tzlich gek\u00fcrzt, um durch die entsprechende Pseudonymisierung dem Grundsatz der Datensparsamkeit zu folgen sowie den Datenschutz der Besucherinnen und Besucher unserer Website zu verbessern (\u00abIP-Masking\u00bb). Bei der Verwendung von Diensten und Programmen f\u00fcr die Erfolgs- und Reichweitenmessung k\u00f6nnen Cookies zum Einsatz kommen und Nutzerprofile erstellt werden. Nutzerprofile umfassen beispielsweise die besuchten Seiten oder betrachteten Inhalte auf unserer Website, Angaben zur Gr\u00f6sse von Bildschirm oder Browserfenster und den \u2013 zumindest ungef\u00e4hren \u2013 Standort. Grunds\u00e4tzlich werden Nutzerprofile ausschliesslich pseudonymisiert erstellt. Wir verwenden Nutzerprofile nicht f\u00fcr die Identifizierung einzelner Besucherinnen und Besucher unserer Website. Einzelne Dienste, bei denen Sie als Nutzerin oder Nutzer angemeldet sind, k\u00f6nnen die Nutzung unseres Online-Angebotes allenfalls Ihrem Profil beim jeweiligen Dienst zuordnen, wobei Sie daf\u00fcr \u00fcblicherweise vorg\u00e4ngig Ihre Einwilligung in diese Zuordnung erteilen mussten. Wir verwenden insbesondere: Google Analytics: Erfolgs- und Reichweitenmessung; Anbieterinnen: Google LLC (USA) \/ Google Ireland Limited (Irland) f\u00fcr Nutzerinnen und Nutzer im Europ\u00e4ischen Wirtschaftsraum (EWR) und in der Schweiz; Angaben zum Datenschutz: \u00abGrunds\u00e4tze zu Datenschutz und Sicherheit\u00bb, Datenschutzerkl\u00e4rung. S\u00e4mtliche Erkl\u00e4rungen an Google sind auf postalischem Wege, Luftpost oder Kurier an das Legal Department mit der Adresse Google Ireland Limited, Gordon House, Barrow Street, Dublin 4, Irland zu senden.&nbsp;<\/p>\n\n\n\n<p>9. Dienste von Dritten&nbsp;<\/p>\n\n\n\n<p>Wir verwenden Dienste von Dritten, um unser Angebot dauerhaft, nutzerfreundlich, sicher und zuverl\u00e4ssig bereitstellen zu k\u00f6nnen. Solche Dienste dienen auch dazu, Inhalte in unsere Website einbetten zu k\u00f6nnen. Solche Dienste \u2013 beispielsweise Hosting- und Speicherdienste, Video-Dienste und Zahlungsdienste \u2013 ben\u00f6tigen Ihre Internet Protocol (IP)-Adresse, da solche Dienste die entsprechenden Inhalte ansonsten nicht \u00fcbermitteln k\u00f6nnen. Solche Dienste k\u00f6nnen sich ausserhalb der Schweiz und des Europ\u00e4ischen Wirtschaftsraumes (EWR) befinden, sofern ein angemessener Datenschutz gew\u00e4hrleistet ist. F\u00fcr ihre eigenen sicherheitsrelevanten, statistischen und technischen Zwecke k\u00f6nnen Dritte, deren Dienste wir nutzen, auch Daten im Zusammenhang mit unserem Angebot sowie aus anderen Quellen \u2013unter anderem mit Cookies, Logdateien und Z\u00e4hlpixeln \u2013 aggregiert, anonymisiert oder pseudonymisiert bearbeiten.&nbsp;<\/p>\n\n\n\n<p>9.1 Digitale Infrastruktur Wir nutzen Dienste von Dritten, um ben\u00f6tigte digitale Infrastruktur f\u00fcr unser Angebot in Anspruch nehmen zu k\u00f6nnen. Dazu z\u00e4hlen beispielsweise Hosting- und Speicherdienste von spezialisierten Anbietern.&nbsp;<\/p>\n\n\n\n<p>9.2 Kartenmaterial \/ Verwendung von Google Maps Wir verwenden Dienste von Dritten, um Karten in unsere Website einbetten zu k\u00f6nnen. Auf dieser Webseite nutzen wir das Angebot von Google Maps. Google Maps wird von Google LLC, 1600 Amphitheatre Parkway, Mountain View, CA 94043, USA (nachfolgend \u201eGoogle\u201c) betrieben. Dadurch k\u00f6nnen wir Ihnen interaktive Karten direkt in der Webseite anzeigen und erm\u00f6glichen Ihnen die komfortable Nutzung der Karten-Funktion. N\u00e4here Informationen \u00fcber die Datenverarbeitung durch Google k\u00f6nnen Sie den Google-Datenschutzhinweisen entnehmen. Dort k\u00f6nnen Sie im Datenschutzcenter auch Ihre pers\u00f6nlichen Datenschutz-Einstellungen ver\u00e4ndern. F\u00fcr Benutzer in Europa wie auch der Schweiz ist Google Ireland Limited, Gordon House, Barrow Street, Dublin 4, Irland zust\u00e4ndig.&nbsp;<\/p>\n\n\n\n<p>9.3 Eingebettete Inhalte von anderen Webseiten Beitr\u00e4ge auf dieser Webseite k\u00f6nnen eingebettete Inhalte beinhalten (z.B. Videos, Bilder, Beitr\u00e4ge etc.). Eingebettete Inhalte von anderen Webseiten verhalten sich exakt so, als ob der Besucher die andere Webseite besucht h\u00e4tte. Diese Webseiten k\u00f6nnen Daten \u00fcber Sie sammeln, Cookies benutzen, zus\u00e4tzliche Tracking-Dienste von Dritten einbetten und Ihre Interaktion mit diesem eingebetteten Inhalt aufzeichnen, inklusive Ihrer Interaktion mit dem eingebetteten Inhalt, falls Sie ein Konto haben und auf dieser Webseite angemeldet sind.<\/p>\n","protected":false},"excerpt":{"rendered":"<p>Mit der Nutzung unserer Website stimmen Sie der Datenschutzerkl\u00e4rung zu. Der Schutz Ihrer Privatsph\u00e4re ist uns wichtig. Wir zeigen nachfolgend, wie wir mit Personendaten umgehen, und die Sicherheit Ihrer Daten gew\u00e4hrleisten. Die strengen Vorschriften zum Schutz der Daten nat\u00fcrlicher Personen wenden wir auch f\u00fcr juristische Personen an. 1. Datenschutzerkl\u00e4rung Mit dieser Datenschutzerkl\u00e4rung informieren wir, welche&hellip;&nbsp;<a href=\"https:\/\/ogmh.ch\/?page_id=558\" class=\"\" rel=\"bookmark\">Weiterlesen &raquo;<span class=\"screen-reader-text\">Datenschutzerkl\u00e4rung der Offiziersgesellschaft March-H\u00f6fe<\/span><\/a><\/p>\n","protected":false},"author":1,"featured_media":0,"parent":0,"menu_order":0,"comment_status":"closed","ping_status":"closed","template":"","meta":{"neve_meta_sidebar":"","neve_meta_container":"","neve_meta_enable_content_width":"","neve_meta_content_width":0,"neve_meta_title_alignment":"","neve_meta_author_avatar":"","neve_post_elements_order":"","neve_meta_disable_header":"","neve_meta_disable_footer":"","neve_meta_disable_title":"","_themeisle_gutenberg_block_has_review":false,"_ti_tpc_template_sync":false,"_ti_tpc_template_id":"","footnotes":""},"class_list":["post-558","page","type-page","status-publish","hentry"],"_links":{"self":[{"href":"https:\/\/ogmh.ch\/index.php?rest_route=\/wp\/v2\/pages\/558","targetHints":{"allow":["GET"]}}],"collection":[{"href":"https:\/\/ogmh.ch\/index.php?rest_route=\/wp\/v2\/pages"}],"about":[{"href":"https:\/\/ogmh.ch\/index.php?rest_route=\/wp\/v2\/types\/page"}],"author":[{"embeddable":true,"href":"https:\/\/ogmh.ch\/index.php?rest_route=\/wp\/v2\/users\/1"}],"replies":[{"embeddable":true,"href":"https:\/\/ogmh.ch\/index.php?rest_route=%2Fwp%2Fv2%2Fcomments&post=558"}],"version-history":[{"count":2,"href":"https:\/\/ogmh.ch\/index.php?rest_route=\/wp\/v2\/pages\/558\/revisions"}],"predecessor-version":[{"id":1299,"href":"https:\/\/ogmh.ch\/index.php?rest_route=\/wp\/v2\/pages\/558\/revisions\/1299"}],"wp:attachment":[{"href":"https:\/\/ogmh.ch\/index.php?rest_route=%2Fwp%2Fv2%2Fmedia&parent=558"}],"curies":[{"name":"wp","href":"https:\/\/api.w.org\/{rel}","templated":true}]}}